{"id":7823,"date":"2024-12-22T16:09:35","date_gmt":"2024-12-22T16:09:35","guid":{"rendered":"https:\/\/immigration-montrealquebec.ca\/?page_id=7823"},"modified":"2026-02-05T13:03:06","modified_gmt":"2026-02-05T13:03:06","slug":"soumettre-un-dossier","status":"publish","type":"page","link":"https:\/\/imq-canada.ca\/index.php\/soumettre-un-dossier\/","title":{"rendered":"Soumettre un dossier"},"content":{"rendered":"<h1><span style=\"color: #99cc00;\"><em>Soumettre un dossier de candidature.<\/em><\/span><\/h1>\n<h4><em>Pour postuler chez\u00a0<\/em><em>IMMIGRATION MONTREAL QUEBEC\u00a0 (IMQ) <\/em><em>, la proc\u00e9dure est simple et rapide. Voici les \u00e9tapes \u00e0 suivre :<\/em><\/h4>\n<h4><em><span style=\"color: #ff0000;\">T\u00e9l\u00e9chargez le formulaire:<\/span>\u00a0Cliquez sur le\u00a0 formulaire en couleur\u00a0<span style=\"color: #ff0000;\">ROUGE<\/span>\u00a0disponible\u00a0 sur notre site.<\/em><br \/>\n<em><span style=\"color: #ff0000;\">Imprimez et remplissez:<\/span>\u00a0Une fois t\u00e9l\u00e9charg\u00e9 , imprimez le\u00a0 formulaire , puis remplissez-les soigneusement.<\/em><br \/>\n<em><span style=\"color: #ff0000;\">Constituez votre dossier:\u00a0<\/span>\u00a0Assurez-vous d\u2019ajouter tous les documents requis, tels que votre CV, une lettre de motivation.<\/em><br \/>\n<em><span style=\"color: #ff0000;\">Envoi de votre dossier:<\/span> Le dossier doit \u00eatre envoy\u00e9 \u00e0 l\u2019e-mail suivante:\u00a0\u00a0<span style=\"color: #000080;\">infos@imq-canada.ca<\/span><\/em><\/h4>\n<h4><em><span style=\"color: #99cc00;\"><strong>NB:\u00a0<\/strong><\/span>\u00a0 <\/em><em>il est essentiel de soumettre un dossier de candidature <strong>complet et bien organis\u00e9<\/strong>. Tous les documents requis doivent \u00eatre inclus dans un <strong>seul envoi<\/strong>, car tout dossier fragment\u00e9 sera automatiquement <strong>disqualifi\u00e9<\/strong>. Prenez le temps de v\u00e9rifier attentivement chaque pi\u00e8ce avant de soumettre votre candidature.<\/em><\/h4>\n<h1><span style=\"color: #99cc00;\"><em>Le dossier de candidature comprend:<br \/>\n<\/em><\/span><\/h1>\n<h4><em>-Formulaire <\/em><strong><em>[<a href=\"https:\/\/imq-canada.ca\/wp-content\/uploads\/2025\/05\/FORMULAIRE-IMQ-CANADA-2025.pdf\"><span style=\"color: #ff0000;\"> FORMULAIRE\u00a0 IMQ<\/span><\/a> ]<\/em><\/strong><br \/>\n<em>-Un Curriculum vitae au format Canadien.<\/em><br \/>\n<em>-Une Photo d\u2019identit\u00e9<\/em><br \/>\n<em>-Les copies de vos dipl\u00f4mes ou attestations.<\/em><br \/>\n<em>-Une copie de votre passeport ou votre carte d\u2019identit\u00e9 en cours de validit\u00e9.<\/em><br \/>\n<em>-Une Lettre de motivation manuscrite adress\u00e9e a la pr\u00e9sidente, madame\u00a0 Charlotte A. GAGNON.<\/em><\/h4>\n<p>&nbsp;<\/p>\n<h1><span style=\"color: #99cc00;\"><em>Processus de Candidature:<\/em><\/span><\/h1>\n<ul>\n<li>\n<h4 style=\"text-align: center;\"><span style=\"color: #000000;\"><em>Le programme IMQVisa+ est une initiative d\u2019Immigration Montr\u00e9al Qu\u00e9bec (IMQ) qui facilite l&rsquo;immigration au Canada, notamment pour ceux souhaitant s&rsquo;\u00e9tablir \u00e0 Montr\u00e9al et dans la province de Qu\u00e9bec. <span style=\"color: #ff0000;\">En tant que sous-traitant pour le recrutement de travailleurs \u00e9trangers, le programme \u00e9tablit des partenariats avec des entreprises canadiennes \u00e0 la recherche de talents.<\/span> Il accompagne les candidats retenus tout au long de leur processus d\u2019immigration, supervis\u00e9 par des experts. M. Lucas Jacques, Chef de l\u2019\u00e9quipe de recrutement, est responsable de la soumission des demandes au Minist\u00e8re du Travail et de la Citoyennet\u00e9 canadienne pour les candidats ayant re\u00e7u un contrat de travail IMQ. Il veille \u00e0 ce que toutes les \u00e9tapes, y compris la demande de visa, soient r\u00e9alis\u00e9es correctement. Une fois ces \u00e9tapes compl\u00e9t\u00e9es, il aide \u00e9galement \u00e0 obtenir un rendez-vous pour la demande de permis de travail, facilitant ainsi l&rsquo;immigration et l&#8217;emploi \u00e0 Montr\u00e9al, Qu\u00e9bec.<\/em><\/span><\/h4>\n<\/li>\n<\/ul>\n<p>&nbsp;<\/p>\n<ul>\n<li>\n<h4 style=\"text-align: center;\"><span style=\"color: #000000;\"><em>Les candidats int\u00e9ress\u00e9s doivent soumettre leur dossier comprenant plusieurs documents essentiels : le formulaire IMM-QUEBEC-2025, un curriculum vitae au format canadien, une photo d\u2019identit\u00e9, des copies des dipl\u00f4mes ou attestations, une copie de leur passeport ou carte d\u2019identit\u00e9 en cours de validit\u00e9, ainsi qu&rsquo;une lettre de motivation manuscrite adress\u00e9e \u00e0 Madame Charlotte A. GAGNON. Ce dossier doit \u00eatre envoy\u00e9 directement par e-mail \u00e0 l&rsquo;adresse [<span style=\"color: #ff0000;\">infos@imq-canada.ca<\/span>].\u00a0 <\/em><\/span><\/h4>\n<\/li>\n<li>\n<h4 style=\"text-align: center;\"><span style=\"color: #000000;\"><em><span style=\"color: #ff0000;\">Si la demande\u00a0 d&#8217;emploi\u00a0 et d&rsquo;immigration du Candidat est accept\u00e9e,\u00a0 le candidat recevra le formulaire de la demande du Certificat de Selection du Quebec CSQ et le contrat de travail que va lui envoyer son employeur , supervis\u00e9 par IMQ<\/span>.<\/em><\/span><\/h4>\n<\/li>\n<\/ul>\n<p>&nbsp;<\/p>\n<ul>\n<li>\n<h4 style=\"text-align: center;\"><em>Le candidat est tenu de payer des frais de proc\u00e9dure de 489 dollars. <\/em><span style=\"color: #000080;\"><em><span style=\"color: #ff0000;\"><span style=\"color: #000000;\">De plus, il est important de noter qu&rsquo;\u00e0 partir du 1er octobre 2024, <span style=\"color: #ff0000;\">le d\u00e9partement de la finance d\u2019IMQVISA+ ne couvrira plus les frais li\u00e9s au permis de travail et \u00e0 l\u2019envoi des documents de voyage, qui seront d\u00e9sormais \u00e0 la charge du candidat.<\/span><\/span><\/span><span style=\"color: #000000;\"> Il est donc crucial pour les candidats de prendre en compte ces frais suppl\u00e9mentaires dans leur planification financi\u00e8re.<\/span><\/em><\/span><\/h4>\n<\/li>\n<\/ul>\n<p>&nbsp;<\/p>\n<ul>\n<li>\n<h4 style=\"text-align: center;\"><span style=\"color: #000000;\"><em><span style=\"color: #ff0000;\">Le traitement du dossier et du financement prend environ six semaines, tandis que l&rsquo;arriv\u00e9e pr\u00e9vue au Canada est pour la septieme semaine\u00a0 apr\u00e8s la finalisation du dossier.<\/span> Les d\u00e9lais de traitement peuvent varier en fonction des exigences sp\u00e9cifiques de chaque candidat, chaque dossier \u00e9tant unique et pouvant n\u00e9cessiter des v\u00e9rifications ou des documents suppl\u00e9mentaires. <\/em><\/span><\/h4>\n<\/li>\n<li>\n<h4 style=\"text-align: center;\"><span style=\"color: #000000;\"><em>Il est \u00e9galement essentiel de rappeler qu\u2019un candidat ayant recu un contrat de travail d&rsquo;un employeur doit imp\u00e9rativement se rendre au Canada, car la pr\u00e9sence sur place est requise pour commencer \u00e0 travailler, ce qui rend son d\u00e9placement indispensable.<\/em><\/span><\/h4>\n<\/li>\n<\/ul>\n<h4><\/h4>\n<p>&nbsp;<\/p>\n<h4><em>Repr\u00e9sentante.<\/em><br \/>\n<em>Sup\u00e9rieur hi\u00e9rarchique, Responsable technique,<\/em><br \/>\n<em>Madame LAWSON CHLOE JOSE<\/em><br \/>\n<em>E-mail :\u00a0<span style=\"color: #000080;\">dr.lawsonchloe@imq-canada.ca<\/span><br \/>\n<\/em><\/h4>\n","protected":false},"excerpt":{"rendered":"<p>Soumettre un dossier de candidature. Pour postuler chez\u00a0IMMIGRATION MONTREAL QUEBEC\u00a0 (IMQ) , la proc\u00e9dure est simple et rapide. Voici les<\/p>\n","protected":false},"author":1,"featured_media":0,"parent":0,"menu_order":0,"comment_status":"closed","ping_status":"closed","template":"","meta":{"footnotes":""},"class_list":["post-7823","page","type-page","status-publish","hentry"],"_links":{"self":[{"href":"https:\/\/imq-canada.ca\/index.php\/wp-json\/wp\/v2\/pages\/7823","targetHints":{"allow":["GET"]}}],"collection":[{"href":"https:\/\/imq-canada.ca\/index.php\/wp-json\/wp\/v2\/pages"}],"about":[{"href":"https:\/\/imq-canada.ca\/index.php\/wp-json\/wp\/v2\/types\/page"}],"author":[{"embeddable":true,"href":"https:\/\/imq-canada.ca\/index.php\/wp-json\/wp\/v2\/users\/1"}],"replies":[{"embeddable":true,"href":"https:\/\/imq-canada.ca\/index.php\/wp-json\/wp\/v2\/comments?post=7823"}],"version-history":[{"count":33,"href":"https:\/\/imq-canada.ca\/index.php\/wp-json\/wp\/v2\/pages\/7823\/revisions"}],"predecessor-version":[{"id":8087,"href":"https:\/\/imq-canada.ca\/index.php\/wp-json\/wp\/v2\/pages\/7823\/revisions\/8087"}],"wp:attachment":[{"href":"https:\/\/imq-canada.ca\/index.php\/wp-json\/wp\/v2\/media?parent=7823"}],"curies":[{"name":"wp","href":"https:\/\/api.w.org\/{rel}","templated":true}]}}