{"id":7261,"date":"2023-10-28T03:34:43","date_gmt":"2023-10-28T03:34:43","guid":{"rendered":"https:\/\/immigration-montrealquebec.ca\/?page_id=7261"},"modified":"2025-12-06T12:27:16","modified_gmt":"2025-12-06T12:27:16","slug":"note-importante-2","status":"publish","type":"page","link":"https:\/\/imq-canada.ca\/index.php\/note-importante-2\/","title":{"rendered":"Programme IMQVisa+"},"content":{"rendered":"<h1 style=\"text-align: center;\"><span style=\"color: #99cc00;\"><em>Projet IMQVisa+<\/em><\/span><\/h1>\n<h3><span style=\"color: #99cc00;\"><em>1. Introduction.<\/em><\/span><\/h3>\n<h5><em>Le programme <span style=\"color: #99cc00;\">IMQVisa+<\/span> est une initiative sp\u00e9ciale d&rsquo;Immigration Montr\u00e9al Qu\u00e9bec (IMQ) visant \u00e0 faciliter l&rsquo;immigration au Canada, en particulier pour ceux qui souhaitent s&rsquo;\u00e9tablir dans les provinces du Qu\u00e9bec et de Montr\u00e9al. Ce programme joue un r\u00f4le crucial en tant que\u00a0 <span style=\"color: #ff0000;\">SOUS-TRAITANT<\/span>\u00a0 pour le recrutement de travailleurs \u00e9trangers au sein d&rsquo;entreprises canadiennes partenaires.<\/em><\/h5>\n<h5><em>IMQVisa+ est con\u00e7u pour offrir aux candidats une opportunit\u00e9 exceptionnelle d&rsquo;immigrer avec un emploi garanti , un voyage Canadien et un soutien financier initial, gr\u00e2ce \u00e0 notre partenariat avec <span style=\"color: #000080;\">VAULT\u00a0 SECURE\u00a0 GROUP<\/span>\u00a0 et\u00a0 <span style=\"color: #000080;\">GLOBAL EXPEDITIONS\u00a0 EXPRESS<\/span>. De plus, une partie importante des d\u00e9penses li\u00e9es au voyage est prise en charge par le programme IMQVisa+. <\/em><\/h5>\n<h5 style=\"text-align: center;\"><span style=\"color: #ff0000;\"><em>Nous \u00e9tablissons des partenariats pour fournir un service de qualit\u00e9 aux entreprises cherchant des employ\u00e9s. Le programme IMQVisa+\u00a0 accompagne les candidats retenus dans leur processus d&rsquo;immigration au Canada, g\u00e9r\u00e9 par nos experts. Le Chef de l&rsquo;\u00e9quipe de recrutement, M. Lucas JACQUES\u00a0 s&rsquo;occupe de soumettre les demandes au Minist\u00e8re du Travail et de la Citoyennet\u00e9 canadienne pour chaque candidat \u00e9ligible c&rsquo;est a dire qui a recu un Contrat de travail IMQ.\u00a0 Il s&rsquo;assurera que toutes les \u00e9tapes, y compris la demande de visa, soient effectu\u00e9es correctement. Une fois cela fait, il aidera \u00e0 obtenir un rendez-vous pour la demande de permis de travail. Gr\u00e2ce \u00e0 notre programme IMQVisa+, nous facilitons l&rsquo;immigration et l&#8217;emploi \u00e0 Montr\u00e9al, Qu\u00e9bec.<\/em><\/span><\/h5>\n<p>&nbsp;<\/p>\n<h3><span style=\"color: #99cc00;\"><em>2. Objectifs du programme.<\/em><\/span><\/h3>\n<h5><em>-Permettre aux candidats d\u2019obtenir un emploi garanti au Canada.<\/em><br \/>\n<em>-Faciliter l\u2019obtention du permis de travail et du visa canadien.<\/em><br \/>\n<em>-Offrir une aide financi\u00e8re initiale pour une installation r\u00e9ussie au Qu\u00e9bec.<\/em><br \/>\n<em>-R\u00e9duire les obstacles administratifs et financiers li\u00e9s \u00e0 l\u2019immigration.<\/em><\/h5>\n<h3><span style=\"color: #99cc00;\"><em>3. Processus de Candidature.<\/em><\/span><\/h3>\n<h4><span style=\"color: #000000;\"><strong><em>3.1 Envoi du dossier: <\/em><\/strong><\/span><\/h4>\n<h5><em>Tout candidat int\u00e9ress\u00e9 doit soumettre son dossier comportant les documents suivants : <\/em><\/h5>\n<h5><em>-Formulaire\u00a0 IMM-QUEBEC-2025<br \/>\n-Un Curriculum vitae au format Canadien.<br \/>\n-Une Photo d\u2019identit\u00e9<br \/>\n-Les copies de vos dipl\u00f4mes ou attestations.<br \/>\n-Une copie de votre passeport ou votre carte d\u2019identit\u00e9 en cours de validit\u00e9.<br \/>\n-Une Lettre de motivation manuscrite adress\u00e9e a la pr\u00e9sidente, madame Charlotte A. GAGNON.<\/em><\/h5>\n<h5><em>directement \u00e0\u00a0 cette adresse e-mail: <\/em><em>[<\/em><span style=\"color: #ff0000;\"><em> infos@imq-canada.ca <\/em><\/span><em>]\u00a0 <\/em><em>Apres 72 heures si la demande analys\u00e9e et accept\u00e9e, le candidat recevra :<\/em><\/h5>\n<h4><span style=\"color: #ff0000;\"><em>-Un formulaire de demande de visa Canadien.<\/em><\/span><br \/>\n<span style=\"color: #ff0000;\"><em>-Un contrat de travail sign\u00e9 par un employeur canadien avec la supervision de IMQ.<\/em><\/span><\/h4>\n<h4><strong><span style=\"color: #000000;\"><em>3.2 Frais et engagement <\/em><em>financier.<\/em><\/span><\/strong><\/h4>\n<h5><em><strong>&#8211; Le candidat devra payer<\/strong> :\u00a0<\/em><span style=\"color: #ff0000;\"><em> 489 dollars de frais de proc\u00e9dure.<\/em><\/span><\/h5>\n<h5><em><strong>&#8211; Des frais suppl\u00e9mentaires:<\/strong> ( <\/em><em>il est important de rappeler qu\u2019\u00e0 partir du 1er octobre 2024 dernier , le d\u00e9partement de la finance d\u2019<strong>IMQVISA+<\/strong> ne couvrira plus les frais associ\u00e9s au permis de travail et \u00e0 l\u2019envoi des documents de voyage par l\u2019agence <strong>GEX <\/strong><\/em><em><strong>GLOBAL EXPEDITION EXPRESS\u00a0 ( <span style=\"color: #000080;\">www.global-expeditions-express.com<\/span> ) <\/strong><\/em><em>. Ces frais seront d\u00e9sormais \u00e0 la charge du candidat. Les candidats doivent prendre en compte ce changement dans leur planification et pr\u00e9voir les frais suppl\u00e9mentaires li\u00e9s \u00e0 l\u2019envoi des documents de voyage<\/em><em>\u00a0 )<\/em><\/h5>\n<h4><em>3.3 D\u00e9lais de traitement.<\/em><\/h4>\n<h5><strong><em>-Traitement du dossier et financement : <span style=\"color: #ff0000;\">6 semaines.<\/span><\/em><\/strong><br \/>\n<strong><em>-Arriv\u00e9e pr\u00e9vue au Canada : <span style=\"color: #ff0000;\">7 semaines apr\u00e8s la finalisation du dossier.<\/span><\/em><\/strong><br \/>\n<em>-Les d\u00e9lais de traitement des demandes: peuvent varier selon les exigences sp\u00e9cifiques de chaque candidat, car chaque dossier est unique. En effet, chaque situation est diff\u00e9rente et peut impliquer des v\u00e9rifications ou documents suppl\u00e9mentaires qui influencent le temps de traitement. Toutefois, il est important de rappeler qu\u2019un candidat ayant un contrat de travail IMQ doit obligatoirement se rendre au Canada. Conform\u00e9ment aux exigences de ce contrat, le candidat est tenu de prendre fonction sur place, ce qui rend son d\u00e9placement indispensable et n\u00e9cessaire. Ainsi, m\u00eame si les d\u00e9lais peuvent varier, l\u2019obligation de pr\u00e9sence au Canada reste une priorit\u00e9 pour le type de contrat que offre <strong>IMMIGRATION MONTREAL QUEBEC<\/strong>.<\/em><\/h5>\n<h3><span style=\"color: #99cc00;\"><em>4. Conditions d\u2019\u00e9ligibilit\u00e9.<\/em><\/span><\/h3>\n<p><strong><em>Pour profiter pleinement du programme, chaque candidat doit imp\u00e9rativement remplir deux conditions essentielles :<\/em><\/strong><br \/>\n<strong><span style=\"color: #ff0000;\"><em>-Disposer d\u2019un passeport valide.<\/em><\/span><\/strong><br \/>\n<strong><span style=\"color: #ff0000;\"><em>-Pr\u00e9voir un montant de 489 dollars pour couvrir les frais li\u00e9s au processus et quelques frais supplementaires pour finaliser le dossier.<\/em><\/span><\/strong><\/p>\n<h4><strong><em>\u26a0\ufe0f <span style=\"color: #000080;\">Ne soumettez pas votre dossier si vous ne disposez pas des 489 dollars requis. Ce montant est indispensable pour :<\/span><\/em><\/strong><\/h4>\n<p><span style=\"color: #ff0000;\"><strong><em>-Activer votre contrat de travail.<\/em><\/strong><\/span><br \/>\n<span style=\"color: #ff0000;\"><strong><em>-Enregistrer votre dossier aupr\u00e8s du minist\u00e8re du Travail canadien.<\/em><\/strong><\/span><br \/>\n<span style=\"color: #ff0000;\"><strong><em>-Obtenir votre permis de travail et votre lettre d\u2019invitation.<\/em><\/strong><\/span><br \/>\n<span style=\"color: #ff0000;\"><strong><em>-Lancer les d\u00e9marches officielles de votre demande de visa et de voyage.<\/em><\/strong><\/span><\/p>\n<h3><span style=\"color: #99cc00;\"><strong><em>5. Le Cr\u00e9dit d\u2019Immigration IMQVisa+.<\/em><\/strong><\/span><\/h3>\n<h5><strong><em>IMQVisa+\u00a0 <\/em><\/strong><em>repose sur un cr\u00e9dit d\u2019immigration, un m\u00e9canisme de soutien financier initial pour les candidats. Ce cr\u00e9dit permet de couvrir les premiers frais de s\u00e9jour et sera rembours\u00e9 progressivement gr\u00e2ce \u00e0 l\u2019emploi garanti au Canada.<\/em><\/h5>\n<h5><span style=\"color: #000000;\"><em>5.1 Modalit\u00e9s de remboursement<\/em><\/span><\/h5>\n<h5><em>Le remboursement s\u2019effectue sur une p\u00e9riode d\u00e9finie, permettant une transition en douceur vers l\u2019autonomie financi\u00e8re. <\/em><em>Un emploi garanti assure aux candidats un revenu stable pour couvrir leurs besoins et honorer leurs engagements financiers.<\/em><\/h5>\n<h3><span style=\"color: #99cc00;\"><em>6. Emploi garanti et int\u00e9gration professionnelle.<\/em><\/span><\/h3>\n<h4><span style=\"color: #000000;\"><strong><em>6.1 S\u00e9curit\u00e9 de l\u2019emploi.<\/em><\/strong><\/span><\/h4>\n<h5><strong><em>L\u2019emploi est une priorit\u00e9 absolue du programme. D\u00e8s la validation du dossier et le paiement des frais, chaque candidat obtient :<\/em><\/strong><br \/>\n<em><span style=\"color: #ff0000;\">-Un poste stable avec un employeur canadien.<\/span><\/em><br \/>\n<em><span style=\"color: #ff0000;\">-Un contrat de travail conforme aux lois canadiennes.<\/span><\/em><br \/>\n<em><span style=\"color: #ff0000;\">-Une int\u00e9gration professionnelle facilit\u00e9e gr\u00e2ce au r\u00e9seau d\u2019employeurs partenaires.<\/span><\/em><\/h5>\n<h4><span style=\"color: #000000;\"><strong><em>6.2 Domaines d&#8217;emploi disponibles.<\/em><\/strong><\/span><\/h4>\n<h5><span style=\"color: #000080;\"><em>&#8211; Le Programme d&rsquo;entr\u00e9e Immigration au Canada de IMQVisa+ vous informe qu\u2019il existe plus de 300 000 emplois disponibles avec <span style=\"color: #333333;\"><strong>des entreprises qui emploient des travailleurs par le biais d&rsquo;Immigration Montr\u00e9al-Qu\u00e9bec.<\/strong><\/span> Peu importe votre \u00e2ge, que vous ayez ou non un dipl\u00f4me, si vous \u00eates apte \u00e0 travailler, notre \u00e9quipe est pr\u00eate \u00e0 vous accompagner jusqu\u2019\u00e0 l\u2019obtention de votre visa et de votre permis de travail canadien. Une fois votre dossier recue, notre firme d\u00e9signera un repr\u00e9sentant pour soumettre votre dossier aupr\u00e8s du Minist\u00e8re du Travail et de la Citoyennet\u00e9 canadienne au Qu\u00e9bec, facilitant ainsi l\u2019obtention de votre visa \u00e0 l\u2019ambassade du Canada dans votre pays ou un pays voisin.<\/em><\/span><\/h5>\n<h5><span style=\"color: #000080;\"><em>&#8211; Le service\u00a0 Immigration Montreal Quebec\u00a0 recherche des personnes exp\u00e9riment\u00e9es dans divers domaines tels que le contr\u00f4le de gestion, la conduite de taxi, le chauffeur, l\u2019agent commercial, l\u2019expertise comptable, la gestion des ressources humaines, le montage de projets marketing, la communication d&rsquo;entreprise, les droits des affaires, le marketing, les sciences sociales, le commerce international, le transport et la logistique, ainsi que divers postes administratifs comme secr\u00e9taire bilingue ou informatis\u00e9.<\/em><\/span><\/h5>\n<h5><em><span style=\"color: #000080;\">&#8211; Les activit\u00e9s ne n\u00e9cessitant aucune qualification comprennent le gardiennage, l\u2019assistance de service, la ma\u00e7onnerie, l\u2019\u00e9lectricit\u00e9 industrielle, la conduite, le travail sur les champs p\u00e9troliers, la surveillance de boutiques, et bien d\u2019autres. Ce programme ouvre de nombreuses opportunit\u00e9s professionnelles dans des secteurs divers et assure un accompagnement complet pour chaque candidat, garantissant une installation r\u00e9ussie au Qu\u00e9bec.<\/span><\/em><\/h5>\n<h1><span style=\"color: #99cc00;\"><strong><em>7. Conclusion<\/em><\/strong><\/span><\/h1>\n<h4><em>Gr\u00e2ce \u00e0<strong> IMQVisa+<\/strong>, les candidats peuvent immigrer au Canada en toute s\u00e9r\u00e9nit\u00e9, avec un emploi garanti et un soutien financier initial. Ce programme propose une solution cl\u00e9 en main pour ceux qui souhaitent s\u2019\u00e9tablir au Qu\u00e9bec et commencer une nouvelle vie en toute s\u00e9curit\u00e9. Cependant, le respect des conditions financi\u00e8res et administratives est essentiel pour garantir le succ\u00e8s du processus. Depuis 2014, plus de 1 000 000 de b\u00e9n\u00e9ficiaires ont d\u00e9j\u00e0 profit\u00e9 de ce programme. IMQVisa+ remercie tous ceux qui lui ont fait confiance et s\u2019engage \u00e0 continuer d\u2019accompagner les candidats dans leur parcours. Ce programme est une opportunit\u00e9 unique pour construire un avenir solide au Canada.<\/em><\/h4>\n<h3 style=\"text-align: center;\"><span style=\"color: #ff0000;\"><em>En int\u00e9grant IMQVisa+, vous optez pour un parcours d\u2019immigration fluide, fiable et s\u00e9curis\u00e9.<\/em><\/span><\/h3>\n","protected":false},"excerpt":{"rendered":"<p>Projet IMQVisa+ 1. Introduction. Le programme IMQVisa+ est une initiative sp\u00e9ciale d&rsquo;Immigration Montr\u00e9al Qu\u00e9bec (IMQ) visant \u00e0 faciliter l&rsquo;immigration au<\/p>\n","protected":false},"author":1,"featured_media":0,"parent":0,"menu_order":0,"comment_status":"closed","ping_status":"closed","template":"","meta":{"footnotes":""},"class_list":["post-7261","page","type-page","status-publish","hentry"],"_links":{"self":[{"href":"https:\/\/imq-canada.ca\/index.php\/wp-json\/wp\/v2\/pages\/7261","targetHints":{"allow":["GET"]}}],"collection":[{"href":"https:\/\/imq-canada.ca\/index.php\/wp-json\/wp\/v2\/pages"}],"about":[{"href":"https:\/\/imq-canada.ca\/index.php\/wp-json\/wp\/v2\/types\/page"}],"author":[{"embeddable":true,"href":"https:\/\/imq-canada.ca\/index.php\/wp-json\/wp\/v2\/users\/1"}],"replies":[{"embeddable":true,"href":"https:\/\/imq-canada.ca\/index.php\/wp-json\/wp\/v2\/comments?post=7261"}],"version-history":[{"count":132,"href":"https:\/\/imq-canada.ca\/index.php\/wp-json\/wp\/v2\/pages\/7261\/revisions"}],"predecessor-version":[{"id":8005,"href":"https:\/\/imq-canada.ca\/index.php\/wp-json\/wp\/v2\/pages\/7261\/revisions\/8005"}],"wp:attachment":[{"href":"https:\/\/imq-canada.ca\/index.php\/wp-json\/wp\/v2\/media?parent=7261"}],"curies":[{"name":"wp","href":"https:\/\/api.w.org\/{rel}","templated":true}]}}